{"id":7,"date":"2016-11-14T11:36:15","date_gmt":"2016-11-14T10:36:15","guid":{"rendered":"http:\/\/lab2.moradatorer.se\/?page_id=2"},"modified":"2024-03-20T09:28:37","modified_gmt":"2024-03-20T08:28:37","slug":"kontakta-oss","status":"publish","type":"page","link":"https:\/\/www.moradatorer.se\/?page_id=7","title":{"rendered":"Kontakta oss"},"content":{"rendered":"<h2>Mora Datorer AB<\/h2>\n<div class=\"section group\">\n<div class=\"col span_1_of_2\">\n<p>Sedan 1982 har vi p\u00e5 Mora Datorer arbetat med f\u00f6rs\u00e4ljning och implementation av <a href=\"http:\/\/www.moradatorer.se\/affarssystem\/\">aff\u00e4rssystem<\/a>.<br \/>\nDet <a href=\"http:\/\/www.moradatorer.se\/affarssystem\/\">aff\u00e4rssystem<\/a> vi arbetar med \u00e4r <a href=\"http:\/\/www.moradatorer.se\/affarssystem\/\">Pyramid<\/a> och detta har vi erfarenhet av sedan 1986, d\u00e5 <a href=\"http:\/\/www.moradatorer.se\/affarssystem\/\">Pyramid<\/a> kom ut p\u00e5 marknaden.<br \/>\nVi s\u00e4ljer, installerar och utbildar i Pyramid. Support och utbildning ing\u00e5r som ett naturligt steg efter installationen.<\/p>\n<p>Vi har en gedigen kunskap om <a href=\"http:\/\/www.moradatorer.se\/affarssystem\/\">Pyramid<\/a> och kan med detta tillgodose de allra flesta f\u00f6retag i olika branscher, allt fr\u00e5n projekthanterande f\u00f6retag, handelsf\u00f6retag, butiker, tillverkande f\u00f6retag, servicef\u00f6retag och f\u00f6retag som sysslar med ekonomi m.m.<\/p>\n<p>Tveka inte att kontakta oss n\u00e4r det g\u00e4ller <a href=\"http:\/\/www.moradatorer.se\/affarssystem\/\">aff\u00e4rssystem<\/a>, vi har erfarenheten som g\u00f6r att Ni snabbt och smidigt kan starta upp Ert f\u00f6retag.<\/p>\n<p>Vi \u00e4r \u00e4ven totalleverant\u00f6r av <a href=\"http:\/\/www.moradatorer.se\/it-tjanster\/\">h\u00e5rdvara med servrar, arbetsstationer och \u00f6vrig kringutrustning<\/a>.<br \/>\n<a href=\"http:\/\/www.moradatorer.se\/affarssystem\/\">Pyramid<\/a> kan ocks\u00e5 k\u00f6ras p\u00e5 server hos oss via internet.<\/p>\n<\/div>\n<div class=\"col span_1_of_2\">\n<p><a id=\"contactbox\" href=\"tel:+4625017965\"><img loading=\"lazy\" class=\"alignnone size-full wp-image-707\" src=\"http:\/\/www.moradatorer.se\/wp-content\/uploads\/2021\/02\/Phone-25.png\" alt=\"\" width=\"25\" height=\"25\" \/>0250 &#8211; 179 65<\/a><\/p>\n<p><a id=\"contactbox\" href=\"mailto:info@moradatorer.se\"><img loading=\"lazy\" class=\"alignnone size-full wp-image-705\" src=\"http:\/\/www.moradatorer.se\/wp-content\/uploads\/2021\/02\/Mail-25.png\" alt=\"\" width=\"25\" height=\"18\" \/>info@moradatorer.se<\/a><\/p>\n<p><a id=\"contactbox\" href=\"https:\/\/www.google.com\/maps\/place\/Mora+Datorer+AB\/@61.003982,14.53677,14z\/data=!4m5!3m4!1s0x0:0x90f352fa1bde52d4!8m2!3d61.0039819!4d14.5367705?hl=sv-SE\" target=\"_blank\" rel=\"noopener\"><img loading=\"lazy\" class=\"alignnone size-full wp-image-706\" src=\"http:\/\/www.moradatorer.se\/wp-content\/uploads\/2021\/02\/Office-25.png\" alt=\"\" width=\"25\" height=\"36\" \/>Hantverkaregatan 3, 792 31 Mora<\/a><\/p>\n<p><iframe class=\"mapsframe\" style=\"border: 0;\" src=\"https:\/\/www.google.com\/maps\/embed?pb=!1m14!1m8!1m3!1d7736.239136937665!2d14.5367705!3d61.0039819!3m2!1i1024!2i768!4f13.1!3m3!1m2!1s0x0%3A0x90f352fa1bde52d4!2sMora+Datorer+AB!5e0!3m2!1ssv!2sse!4v1504511854234\" width=\"300\" height=\"360\" frameborder=\"0\" allowfullscreen=\"allowfullscreen\"><\/iframe><\/p>\n<\/div>\n<\/div>\n<h2>Vi som jobbar h\u00e4r:<\/h2>\n<div class=\"md-container\">\n<div class=\"md-person-frame\"><img class=\"alignnone  wp-image-386\" src=\"http:\/\/www.moradatorer.se\/wp-content\/uploads\/2016\/11\/borjecirckle-300x300.jpg\" alt=\"\" width=\"160\" \/><img loading=\"lazy\" class=\"alignnone size-full wp-image-771\" src=\"http:\/\/www.moradatorer.se\/wp-content\/uploads\/2021\/02\/borjecirckle-150x150-1.jpg\" alt=\"\" width=\"150\" height=\"150\" \/><br \/>\n<strong>B\u00f6rje Sundqvist<\/strong><br \/>\nAff\u00e4rssystemkonsult<br \/>\n<a href=\"mailto:borje@moradatorer.se\">borje@moradatorer.se<\/a><br \/>\n<a href=\"tel:+46705676666\">070-567 66 66<\/a><\/div>\n<div class=\"md-container\">\n<div class=\"md-person-frame\"><img class=\"alignnone wp-image-381\" src=\"http:\/\/www.moradatorer.se\/wp-content\/uploads\/2016\/11\/Andreashemsidacircle-300x300.jpg\" alt=\"\" width=\"160\" \/><\/div>\n<div class=\"md-container\">\n<div class=\"md-person-frame\"><!-- <img class=\"alignnone wp-image-787\" src=\"http:\/\/www.moradatorer.se\/wp-content\/uploads\/2021\/02\/jokkocircle-300x300-1.jpg\" alt=\"\" width=\"160\">--><img loading=\"lazy\" class=\"alignnone size-full wp-image-787\" src=\"http:\/\/www.moradatorer.se\/wp-content\/uploads\/2021\/02\/jokkocircle-150x150-1.jpg\" alt=\"\" width=\"150\" height=\"150\" \/><br \/>\n<strong>Joacim Sundqvist<\/strong><br \/>\nIT-Tekniker<br \/>\n<a href=\"mailto:joacim@moradatorer.se\">joacim@moradatorer.se<\/a><br \/>\n<a href=\"tel:+46705672207\">070-567 22 07<\/a><\/div>\n<div class=\"md-container\">\n<div class=\"md-person-frame\"><img class=\"alignnone wp-image-384\" src=\"http:\/\/www.moradatorer.se\/wp-content\/uploads\/2016\/11\/rickycircle-300x300.jpg\" alt=\"\" width=\"160\" \/><img loading=\"lazy\" class=\"alignnone size-full wp-image-808\" src=\"http:\/\/www.moradatorer.se\/wp-content\/uploads\/2021\/02\/rickycircle-150x150-1.jpg\" alt=\"\" width=\"150\" height=\"150\" \/><br \/>\n<strong>Ricky H\u00e4ll<\/strong><br \/>\nIT-Tekniker<br \/>\n<a href=\"mailto:ricky@moradatorer.se\">ricky@moradatorer.se<\/a><br \/>\n<a href=\"tel:+46705593789\">070-559 37 89<\/a><\/div>\n<\/div>\n<\/div>\n<\/div>\n<\/div>\n","protected":false},"excerpt":{"rendered":"<p>Mora Datorer AB Sedan 1982 har vi p\u00e5 Mora Datorer arbetat med f\u00f6rs\u00e4ljning och implementation av aff\u00e4rssystem. Det aff\u00e4rssystem vi arbetar med \u00e4r Pyramid och detta har vi erfarenhet av sedan 1986, d\u00e5 Pyramid kom ut p\u00e5 marknaden. Vi s\u00e4ljer, installerar och utbildar i Pyramid. Support och utbildning ing\u00e5r som ett naturligt steg efter installationen. [&hellip;]<\/p>\n","protected":false},"author":1,"featured_media":0,"parent":0,"menu_order":0,"comment_status":"closed","ping_status":"open","template":"","meta":[],"yoast_head":"<!-- This site is optimized with the Yoast SEO plugin v15.7 - https:\/\/yoast.com\/wordpress\/plugins\/seo\/ -->\r\n<meta name=\"description\" content=\"Mora Datorer AB har sedan 1982 har vi arbetat med f\u00f6rs\u00e4ljning och implementation av aff\u00e4rssystem. Tveka inte p\u00e5 att ta kontakt med oss.\" \/>\r\n<meta name=\"robots\" content=\"index, follow, max-snippet:-1, max-image-preview:large, max-video-preview:-1\" \/>\r\n<link rel=\"canonical\" href=\"http:\/\/www.moradatorer.se\/?page_id=7\" \/>\r\n<meta property=\"og:locale\" content=\"sv_SE\" \/>\r\n<meta property=\"og:type\" content=\"article\" \/>\r\n<meta property=\"og:title\" content=\"Kontakta oss - Mora Datorer\" \/>\r\n<meta property=\"og:description\" content=\"Mora Datorer AB har sedan 1982 har vi arbetat med f\u00f6rs\u00e4ljning och implementation av aff\u00e4rssystem. Tveka inte p\u00e5 att ta kontakt med oss.\" \/>\r\n<meta property=\"og:url\" content=\"http:\/\/www.moradatorer.se\/?page_id=7\" \/>\r\n<meta property=\"og:site_name\" content=\"Mora Datorer\" \/>\r\n<meta property=\"article:modified_time\" content=\"2024-03-20T08:28:37+00:00\" \/>\r\n<meta property=\"og:image\" content=\"http:\/\/www.moradatorer.se\/wp-content\/uploads\/2021\/02\/Phone-25.png\" \/>\r\n<meta name=\"twitter:card\" content=\"summary\" \/>\r\n<meta name=\"twitter:label1\" content=\"Ber\u00e4knad l\u00e4stid\">\n\t<meta name=\"twitter:data1\" content=\"3 minuter\">\r\n<script type=\"application\/ld+json\" class=\"yoast-schema-graph\">{\"@context\":\"https:\/\/schema.org\",\"@graph\":[{\"@type\":\"WebSite\",\"@id\":\"https:\/\/www.moradatorer.se\/#website\",\"url\":\"https:\/\/www.moradatorer.se\/\",\"name\":\"Mora Datorer\",\"description\":\"Aff\\u00e4rssystem och IT-l\\u00f6sningar\",\"potentialAction\":[{\"@type\":\"SearchAction\",\"target\":\"https:\/\/www.moradatorer.se\/?s={search_term_string}\",\"query-input\":\"required name=search_term_string\"}],\"inLanguage\":\"sv-SE\"},{\"@type\":\"ImageObject\",\"@id\":\"http:\/\/www.moradatorer.se\/?page_id=7#primaryimage\",\"inLanguage\":\"sv-SE\",\"url\":\"http:\/\/www.moradatorer.se\/wp-content\/uploads\/2021\/02\/Phone-25.png\"},{\"@type\":\"WebPage\",\"@id\":\"http:\/\/www.moradatorer.se\/?page_id=7#webpage\",\"url\":\"http:\/\/www.moradatorer.se\/?page_id=7\",\"name\":\"Kontakta oss - Mora Datorer\",\"isPartOf\":{\"@id\":\"https:\/\/www.moradatorer.se\/#website\"},\"primaryImageOfPage\":{\"@id\":\"http:\/\/www.moradatorer.se\/?page_id=7#primaryimage\"},\"datePublished\":\"2016-11-14T10:36:15+00:00\",\"dateModified\":\"2024-03-20T08:28:37+00:00\",\"description\":\"Mora Datorer AB har sedan 1982 har vi arbetat med f\\u00f6rs\\u00e4ljning och implementation av aff\\u00e4rssystem. Tveka inte p\\u00e5 att ta kontakt med oss.\",\"inLanguage\":\"sv-SE\",\"potentialAction\":[{\"@type\":\"ReadAction\",\"target\":[\"http:\/\/www.moradatorer.se\/?page_id=7\"]}]}]}<\/script>\r\n<!-- \/ Yoast SEO plugin. -->","_links":{"self":[{"href":"https:\/\/www.moradatorer.se\/index.php?rest_route=\/wp\/v2\/pages\/7"}],"collection":[{"href":"https:\/\/www.moradatorer.se\/index.php?rest_route=\/wp\/v2\/pages"}],"about":[{"href":"https:\/\/www.moradatorer.se\/index.php?rest_route=\/wp\/v2\/types\/page"}],"author":[{"embeddable":true,"href":"https:\/\/www.moradatorer.se\/index.php?rest_route=\/wp\/v2\/users\/1"}],"replies":[{"embeddable":true,"href":"https:\/\/www.moradatorer.se\/index.php?rest_route=%2Fwp%2Fv2%2Fcomments&post=7"}],"version-history":[{"count":28,"href":"https:\/\/www.moradatorer.se\/index.php?rest_route=\/wp\/v2\/pages\/7\/revisions"}],"predecessor-version":[{"id":883,"href":"https:\/\/www.moradatorer.se\/index.php?rest_route=\/wp\/v2\/pages\/7\/revisions\/883"}],"wp:attachment":[{"href":"https:\/\/www.moradatorer.se\/index.php?rest_route=%2Fwp%2Fv2%2Fmedia&parent=7"}],"curies":[{"name":"wp","href":"https:\/\/api.w.org\/{rel}","templated":true}]}}