{"id":49,"date":"2016-11-28T09:02:28","date_gmt":"2016-11-28T08:02:28","guid":{"rendered":"http:\/\/lab2.moradatorer.se\/?page_id=49"},"modified":"2025-06-24T11:10:46","modified_gmt":"2025-06-24T09:10:46","slug":"kundsidor","status":"publish","type":"page","link":"https:\/\/www.moradatorer.se\/?page_id=49","title":{"rendered":"Kundsidor"},"content":{"rendered":"<div class=\"section group\">\n<div class=\"col span_1_of_2\">\n<h3>Webmail<\/h3>\n<ul class=\"md-list\">\n<li><a style=\"font-size: 18px!important;\" href=\"https:\/\/outlook.office.com\"><img loading=\"lazy\" class=\"alignnone size-full wp-image-613\" src=\"http:\/\/www.moradatorer.se\/wp-content\/uploads\/2021\/02\/webapp64.png\" alt=\"\" width=\"64\" height=\"61\" \/>Webmail f\u00f6r Microsoft Exchange-kunder<\/a><\/li>\n<\/ul>\n<h3>WinTid 2002 &#8211; Tidtagning<\/h3>\n<p>Programmet har funnits sedan 2002 och vi har nu valt att sponsra idrotten genom att sl\u00e4ppa programmet kostnadsfritt till f\u00f6reningar och klubbar.<\/p>\n<p>Som anv\u00e4ndare kan du h\u00e4mta hem n\u00f6dv\u00e4ndig information h\u00e4r och \u00e4ven program f\u00f6r att skapa en egen licensfil som Wintid 2002 beh\u00f6ver f\u00f6r att k\u00f6ras. All information finns i manualen.<\/p>\n<p>Programmet kan installeras p\u00e5 datorer med operativsystem Windows XP samt Windows 7. I och med att programmet sl\u00e4pps fritt l\u00e4mnas ingen support p\u00e5 det l\u00e4ngre.<\/p>\n<h5>Program<\/h5>\n<ul class=\"md-list\">\n<li><a href=\"http:\/\/lab2.moradatorer.se\/wp-content\/uploads\/2016\/11\/wintid-2002.zip\"><img loading=\"lazy\" class=\"alignnone size-full wp-image-749\" src=\"http:\/\/www.moradatorer.se\/wp-content\/uploads\/2021\/02\/zip.png\" alt=\"\" width=\"94\" height=\"128\" \/>wintid-2002.zip<\/a><\/li>\n<\/ul>\n<h5>Dokumentation<\/h5>\n<ul class=\"md-list\">\n<li><a href=\"http:\/\/lab2.moradatorer.se\/wp-content\/uploads\/2016\/11\/Versionsdokument.pdf\"><img loading=\"lazy\" class=\"alignnone size-full wp-image-798\" src=\"http:\/\/www.moradatorer.se\/wp-content\/uploads\/2021\/02\/pdf.png\" alt=\"\" width=\"94\" height=\"128\" \/>Versionsdokument.pdf<\/a><\/li>\n<li><a href=\"http:\/\/lab2.moradatorer.se\/wp-content\/uploads\/2016\/11\/USB-och-COM-portar.pdf\"><img loading=\"lazy\" class=\"alignnone size-full wp-image-798\" src=\"http:\/\/www.moradatorer.se\/wp-content\/uploads\/2021\/02\/pdf.png\" alt=\"\" width=\"94\" height=\"128\" \/>USB-och-COM-portar.pdf<\/a><\/li>\n<li><a href=\"http:\/\/lab2.moradatorer.se\/wp-content\/uploads\/2016\/11\/SkapaWintidlicens.doc\"><img loading=\"lazy\" class=\"alignnone size-full wp-image-776\" src=\"http:\/\/www.moradatorer.se\/wp-content\/uploads\/2021\/02\/doc.png\" alt=\"\" width=\"94\" height=\"128\" \/>SkapaWintidlicens.doc<\/a><\/li>\n<li><a href=\"http:\/\/lab2.moradatorer.se\/wp-content\/uploads\/2016\/11\/Manual.pdf\"><img loading=\"lazy\" class=\"alignnone size-full wp-image-798\" src=\"http:\/\/www.moradatorer.se\/wp-content\/uploads\/2021\/02\/pdf.png\" alt=\"\" width=\"94\" height=\"128\" \/>Manual.pdf<\/a><\/li>\n<li><a href=\"http:\/\/lab2.moradatorer.se\/wp-content\/uploads\/2016\/11\/Importeraklubbenonline.doc\"><img loading=\"lazy\" class=\"alignnone size-full wp-image-776\" src=\"http:\/\/www.moradatorer.se\/wp-content\/uploads\/2021\/02\/doc.png\" alt=\"\" width=\"94\" height=\"128\" \/>Importeraklubbenonline.doc<\/a><\/li>\n<\/ul>\n<\/div>\n<div class=\"col span_1_of_2\">\n<h3>Support<\/h3>\n<p><a id=\"contactbox\" href=\"tel:+4625017965\"><img loading=\"lazy\" class=\"alignnone size-full wp-image-707\" src=\"http:\/\/www.moradatorer.se\/wp-content\/uploads\/2021\/02\/Phone-25.png\" alt=\"\" width=\"25\" height=\"25\" \/>0250 &#8211; 179 65<\/a><\/p>\n<p><a id=\"contactbox\" href=\"mailto:info@moradatorer.se\"><img loading=\"lazy\" class=\"alignnone size-full wp-image-705\" src=\"http:\/\/www.moradatorer.se\/wp-content\/uploads\/2021\/02\/Mail-25.png\" alt=\"\" width=\"25\" height=\"18\" \/>info@moradatorer.se<\/a><\/p>\n<p><a id=\"contactbox\" href=\"http:\/\/get.teamviewer.com\/moradatorer\"><img loading=\"lazy\" class=\"alignnone size-full wp-image-708\" src=\"http:\/\/www.moradatorer.se\/wp-content\/uploads\/2021\/02\/TeamViewer-25.png\" alt=\"\" width=\"25\" height=\"25\" \/>Starta Fj\u00e4rrsupport<\/a><\/p>\n<\/div>\n<\/div>\n","protected":false},"excerpt":{"rendered":"<p>Webmail Webmail f\u00f6r Microsoft Exchange-kunder WinTid 2002 &#8211; Tidtagning Programmet har funnits sedan 2002 och vi har nu valt att sponsra idrotten genom att sl\u00e4ppa programmet kostnadsfritt till f\u00f6reningar och klubbar. Som anv\u00e4ndare kan du h\u00e4mta hem n\u00f6dv\u00e4ndig information h\u00e4r och \u00e4ven program f\u00f6r att skapa en egen licensfil som Wintid 2002 beh\u00f6ver f\u00f6r att [&hellip;]<\/p>\n","protected":false},"author":1,"featured_media":0,"parent":0,"menu_order":0,"comment_status":"closed","ping_status":"closed","template":"","meta":[],"yoast_head":"<!-- This site is optimized with the Yoast SEO plugin v15.7 - https:\/\/yoast.com\/wordpress\/plugins\/seo\/ -->\r\n<meta name=\"description\" content=\"Kundsidor hos Mora Datorer - Fj\u00e4rrstyrning, Webmail, Support, WinTid 2002\" \/>\r\n<meta name=\"robots\" content=\"index, follow, max-snippet:-1, max-image-preview:large, max-video-preview:-1\" \/>\r\n<link rel=\"canonical\" href=\"http:\/\/www.moradatorer.se\/?page_id=49\" \/>\r\n<meta property=\"og:locale\" content=\"sv_SE\" \/>\r\n<meta property=\"og:type\" content=\"article\" \/>\r\n<meta property=\"og:title\" content=\"Kundsidor - Mora Datorer\" \/>\r\n<meta property=\"og:description\" content=\"Kundsidor hos Mora Datorer - Fj\u00e4rrstyrning, Webmail, Support, WinTid 2002\" \/>\r\n<meta property=\"og:url\" content=\"http:\/\/www.moradatorer.se\/?page_id=49\" \/>\r\n<meta property=\"og:site_name\" content=\"Mora Datorer\" \/>\r\n<meta property=\"article:modified_time\" content=\"2025-06-24T09:10:46+00:00\" \/>\r\n<meta property=\"og:image\" content=\"http:\/\/www.moradatorer.se\/wp-content\/uploads\/2021\/02\/webapp64.png\" \/>\r\n<meta name=\"twitter:card\" content=\"summary\" \/>\r\n<meta name=\"twitter:label1\" content=\"Ber\u00e4knad l\u00e4stid\">\n\t<meta name=\"twitter:data1\" content=\"3 minuter\">\r\n<script type=\"application\/ld+json\" class=\"yoast-schema-graph\">{\"@context\":\"https:\/\/schema.org\",\"@graph\":[{\"@type\":\"WebSite\",\"@id\":\"https:\/\/www.moradatorer.se\/#website\",\"url\":\"https:\/\/www.moradatorer.se\/\",\"name\":\"Mora Datorer\",\"description\":\"Aff\\u00e4rssystem och IT-l\\u00f6sningar\",\"potentialAction\":[{\"@type\":\"SearchAction\",\"target\":\"https:\/\/www.moradatorer.se\/?s={search_term_string}\",\"query-input\":\"required name=search_term_string\"}],\"inLanguage\":\"sv-SE\"},{\"@type\":\"ImageObject\",\"@id\":\"http:\/\/www.moradatorer.se\/?page_id=49#primaryimage\",\"inLanguage\":\"sv-SE\",\"url\":\"http:\/\/www.moradatorer.se\/wp-content\/uploads\/2021\/02\/webapp64.png\"},{\"@type\":\"WebPage\",\"@id\":\"http:\/\/www.moradatorer.se\/?page_id=49#webpage\",\"url\":\"http:\/\/www.moradatorer.se\/?page_id=49\",\"name\":\"Kundsidor - Mora Datorer\",\"isPartOf\":{\"@id\":\"https:\/\/www.moradatorer.se\/#website\"},\"primaryImageOfPage\":{\"@id\":\"http:\/\/www.moradatorer.se\/?page_id=49#primaryimage\"},\"datePublished\":\"2016-11-28T08:02:28+00:00\",\"dateModified\":\"2025-06-24T09:10:46+00:00\",\"description\":\"Kundsidor hos Mora Datorer - Fj\\u00e4rrstyrning, Webmail, Support, WinTid 2002\",\"inLanguage\":\"sv-SE\",\"potentialAction\":[{\"@type\":\"ReadAction\",\"target\":[\"http:\/\/www.moradatorer.se\/?page_id=49\"]}]}]}<\/script>\r\n<!-- \/ Yoast SEO plugin. -->","_links":{"self":[{"href":"https:\/\/www.moradatorer.se\/index.php?rest_route=\/wp\/v2\/pages\/49"}],"collection":[{"href":"https:\/\/www.moradatorer.se\/index.php?rest_route=\/wp\/v2\/pages"}],"about":[{"href":"https:\/\/www.moradatorer.se\/index.php?rest_route=\/wp\/v2\/types\/page"}],"author":[{"embeddable":true,"href":"https:\/\/www.moradatorer.se\/index.php?rest_route=\/wp\/v2\/users\/1"}],"replies":[{"embeddable":true,"href":"https:\/\/www.moradatorer.se\/index.php?rest_route=%2Fwp%2Fv2%2Fcomments&post=49"}],"version-history":[{"count":16,"href":"https:\/\/www.moradatorer.se\/index.php?rest_route=\/wp\/v2\/pages\/49\/revisions"}],"predecessor-version":[{"id":885,"href":"https:\/\/www.moradatorer.se\/index.php?rest_route=\/wp\/v2\/pages\/49\/revisions\/885"}],"wp:attachment":[{"href":"https:\/\/www.moradatorer.se\/index.php?rest_route=%2Fwp%2Fv2%2Fmedia&parent=49"}],"curies":[{"name":"wp","href":"https:\/\/api.w.org\/{rel}","templated":true}]}}