{"id":47,"date":"2016-11-28T09:02:15","date_gmt":"2016-11-28T08:02:15","guid":{"rendered":"http:\/\/lab2.moradatorer.se\/?page_id=47"},"modified":"2021-02-15T15:00:33","modified_gmt":"2021-02-15T14:00:33","slug":"utveckling","status":"publish","type":"page","link":"https:\/\/www.moradatorer.se\/?page_id=47","title":{"rendered":"Utveckling"},"content":{"rendered":"<div class=\"section group\">\n<div class=\"col span_1_of_2\">\n<h3>Pyramidanpassningar<\/h3>\n<p>Vi \u00e4r konsultstudio-certifierade och kan utf\u00f6ra allt fr\u00e5n enkla till komplexa anpassningar av <a href=\"http:\/\/www.moradatorer.se\/affarssystem\/\">Pyramid<\/a>.<\/p>\n<table>\n<tbody>\n<tr>\n<td style=\"text-align: center; border: none;\"><img loading=\"lazy\" class=\"alignnone size-full wp-image-710\" src=\"http:\/\/www.moradatorer.se\/wp-content\/uploads\/2021\/02\/Certificate.png\" alt=\"\" width=\"24\" height=\"28\" \/><br \/>\n<strong>Konsultstudio<\/strong><br \/>\nCertifiering<\/td>\n<\/tr>\n<\/tbody>\n<\/table>\n<\/div>\n<div class=\"col span_1_of_2\">\n<h3>System- och apputveckling<\/h3>\n<p>Vi utvecklar \u00e4ven system, specialanpassningar och appar fr\u00e5n grunden. Erfarenhet av utveckling inom Windows, Unix\/Linux och Mac OS X. Vi kan \u00e4ven utveckla appar f\u00f6r mobil och inbyggda system.<\/p>\n<\/div>\n<\/div>\n","protected":false},"excerpt":{"rendered":"<p>Pyramidanpassningar Vi \u00e4r konsultstudio-certifierade och kan utf\u00f6ra allt fr\u00e5n enkla till komplexa anpassningar av Pyramid. Konsultstudio Certifiering System- och apputveckling Vi utvecklar \u00e4ven system, specialanpassningar och appar fr\u00e5n grunden. Erfarenhet av utveckling inom Windows, Unix\/Linux och Mac OS X. Vi kan \u00e4ven utveckla appar f\u00f6r mobil och inbyggda system.<\/p>\n","protected":false},"author":1,"featured_media":0,"parent":0,"menu_order":0,"comment_status":"closed","ping_status":"closed","template":"","meta":[],"yoast_head":"<!-- This site is optimized with the Yoast SEO plugin v15.7 - https:\/\/yoast.com\/wordpress\/plugins\/seo\/ -->\r\n<meta name=\"description\" content=\"Utveckling - Vi \u00e4r konsultstudio-certifierade och utf\u00f6r anpassningar av Pyramid. Vi utvecklar \u00e4ven system, specialanpassningar och appar.\" \/>\r\n<meta name=\"robots\" content=\"index, follow, max-snippet:-1, max-image-preview:large, max-video-preview:-1\" \/>\r\n<link rel=\"canonical\" href=\"https:\/\/www.moradatorer.se\/?page_id=47\" \/>\r\n<meta property=\"og:locale\" content=\"sv_SE\" \/>\r\n<meta property=\"og:type\" content=\"article\" \/>\r\n<meta property=\"og:title\" content=\"Utveckling - Mora Datorer\" \/>\r\n<meta property=\"og:description\" content=\"Utveckling - Vi \u00e4r konsultstudio-certifierade och utf\u00f6r anpassningar av Pyramid. Vi utvecklar \u00e4ven system, specialanpassningar och appar.\" \/>\r\n<meta property=\"og:url\" content=\"https:\/\/www.moradatorer.se\/?page_id=47\" \/>\r\n<meta property=\"og:site_name\" content=\"Mora Datorer\" \/>\r\n<meta property=\"article:modified_time\" content=\"2021-02-15T14:00:33+00:00\" \/>\r\n<meta property=\"og:image\" content=\"http:\/\/www.moradatorer.se\/wp-content\/uploads\/2021\/02\/Certificate.png\" \/>\r\n<meta name=\"twitter:card\" content=\"summary\" \/>\r\n<meta name=\"twitter:label1\" content=\"Ber\u00e4knad l\u00e4stid\">\n\t<meta name=\"twitter:data1\" content=\"1 minut\">\r\n<script type=\"application\/ld+json\" class=\"yoast-schema-graph\">{\"@context\":\"https:\/\/schema.org\",\"@graph\":[{\"@type\":\"WebSite\",\"@id\":\"https:\/\/www.moradatorer.se\/#website\",\"url\":\"https:\/\/www.moradatorer.se\/\",\"name\":\"Mora Datorer\",\"description\":\"Aff\\u00e4rssystem och IT-l\\u00f6sningar\",\"potentialAction\":[{\"@type\":\"SearchAction\",\"target\":\"https:\/\/www.moradatorer.se\/?s={search_term_string}\",\"query-input\":\"required name=search_term_string\"}],\"inLanguage\":\"sv-SE\"},{\"@type\":\"ImageObject\",\"@id\":\"https:\/\/www.moradatorer.se\/?page_id=47#primaryimage\",\"inLanguage\":\"sv-SE\",\"url\":\"http:\/\/www.moradatorer.se\/wp-content\/uploads\/2021\/02\/Certificate.png\"},{\"@type\":\"WebPage\",\"@id\":\"https:\/\/www.moradatorer.se\/?page_id=47#webpage\",\"url\":\"https:\/\/www.moradatorer.se\/?page_id=47\",\"name\":\"Utveckling - Mora Datorer\",\"isPartOf\":{\"@id\":\"https:\/\/www.moradatorer.se\/#website\"},\"primaryImageOfPage\":{\"@id\":\"https:\/\/www.moradatorer.se\/?page_id=47#primaryimage\"},\"datePublished\":\"2016-11-28T08:02:15+00:00\",\"dateModified\":\"2021-02-15T14:00:33+00:00\",\"description\":\"Utveckling - Vi \\u00e4r konsultstudio-certifierade och utf\\u00f6r anpassningar av Pyramid. Vi utvecklar \\u00e4ven system, specialanpassningar och appar.\",\"inLanguage\":\"sv-SE\",\"potentialAction\":[{\"@type\":\"ReadAction\",\"target\":[\"https:\/\/www.moradatorer.se\/?page_id=47\"]}]}]}<\/script>\r\n<!-- \/ Yoast SEO plugin. -->","_links":{"self":[{"href":"https:\/\/www.moradatorer.se\/index.php?rest_route=\/wp\/v2\/pages\/47"}],"collection":[{"href":"https:\/\/www.moradatorer.se\/index.php?rest_route=\/wp\/v2\/pages"}],"about":[{"href":"https:\/\/www.moradatorer.se\/index.php?rest_route=\/wp\/v2\/types\/page"}],"author":[{"embeddable":true,"href":"https:\/\/www.moradatorer.se\/index.php?rest_route=\/wp\/v2\/users\/1"}],"replies":[{"embeddable":true,"href":"https:\/\/www.moradatorer.se\/index.php?rest_route=%2Fwp%2Fv2%2Fcomments&post=47"}],"version-history":[{"count":3,"href":"https:\/\/www.moradatorer.se\/index.php?rest_route=\/wp\/v2\/pages\/47\/revisions"}],"predecessor-version":[{"id":841,"href":"https:\/\/www.moradatorer.se\/index.php?rest_route=\/wp\/v2\/pages\/47\/revisions\/841"}],"wp:attachment":[{"href":"https:\/\/www.moradatorer.se\/index.php?rest_route=%2Fwp%2Fv2%2Fmedia&parent=47"}],"curies":[{"name":"wp","href":"https:\/\/api.w.org\/{rel}","templated":true}]}}