{"id":45,"date":"2016-11-28T09:02:02","date_gmt":"2016-11-28T08:02:02","guid":{"rendered":"http:\/\/lab2.moradatorer.se\/?page_id=45"},"modified":"2021-02-15T15:33:49","modified_gmt":"2021-02-15T14:33:49","slug":"affarssystem","status":"publish","type":"page","link":"https:\/\/www.moradatorer.se\/?page_id=45","title":{"rendered":"Aff\u00e4rssystem"},"content":{"rendered":"\n<div class=\"section group\">\n<div class=\"col span_1_of_2\">\n<h3>Pyramid<\/h3>\n<figure><img loading=\"lazy\" class=\"alignnone size-medium wp-image-745\" src=\"http:\/\/www.moradatorer.se\/wp-content\/uploads\/2021\/02\/vinjett_pyramid-300x153.png\" alt=\"\" width=\"300\" height=\"153\" srcset=\"https:\/\/www.moradatorer.se\/wp-content\/uploads\/2021\/02\/vinjett_pyramid-300x153.png 300w, https:\/\/www.moradatorer.se\/wp-content\/uploads\/2021\/02\/vinjett_pyramid.png 690w\" sizes=\"(max-width: 300px) 100vw, 300px\" \/><\/figure>\n<p>\u00a0<\/p>\n<p>Pyramid \u00e4r ett komplett aff\u00e4rssystem f\u00f6r sm\u00e5 och medelstora f\u00f6retag.<\/p>\n<p>Vi har levererat Pyramid sedan starten 1986 och har en gedigen kunskap om systemet. Mora Datorer \u00e4r \u00e5terf\u00f6rs\u00e4ljare och <strong>Auktoriserad Service Partner (ASP)<\/strong> av aff\u00e4rssystemet Pyramid.<\/p>\n<p>Vi har en gedigen kunskap om Pyramid och kan med detta tillgodose de allra flesta f\u00f6retag i olika branscher, allt fr\u00e5n projekthanterande f\u00f6retag, handelsf\u00f6retag, butiker, tillverkande f\u00f6retag, servicef\u00f6retag och f\u00f6retag som sysslar med ekonomi m.m.<\/p>\n<\/div>\n<div class=\"col span_1_of_2\">\n<h3>Installation, anpassning, utbildning<br \/>och support<\/h3>\n<p>Sedan 1982 har vi arbetat med f\u00f6rs\u00e4ljning och implementation av aff\u00e4rssystem.<br \/>Det aff\u00e4rssystem vi arbetar med \u00e4r Pyramid och detta har vi erfarenhet av sedan 1986, d\u00e5 Pyramid kom ut p\u00e5 marknaden.<br \/>Vi s\u00e4ljer, installerar och utbildar i Pyramid. Support och utbildning ing\u00e5r som ett naturligt steg efter installationen.<\/p>\n<table>\n<tbody>\n<tr>\n<td style=\"text-align: center; border: none;\"><img loading=\"lazy\" class=\"alignnone size-full wp-image-710\" src=\"http:\/\/www.moradatorer.se\/wp-content\/uploads\/2021\/02\/Certificate.png\" alt=\"\" width=\"24\" height=\"28\" \/><br \/><strong>Konsultstudio<\/strong><br \/>Certifiering<\/td>\n<td style=\"text-align: center; border: none;\"><img loading=\"lazy\" class=\"alignnone size-full wp-image-710\" src=\"http:\/\/www.moradatorer.se\/wp-content\/uploads\/2021\/02\/Certificate.png\" alt=\"\" width=\"24\" height=\"28\" \/><br \/><strong>E-line<\/strong><br \/>Certifiering<\/td>\n<\/tr>\n<\/tbody>\n<\/table>\n<p>Vi \u00e4r certifierade av <a href=\"http:\/\/www.unikum.se\" target=\"_blank\" rel=\"noopener\">Unikum AB<\/a> f\u00f6r att utf\u00f6ra kundanpassningar och e-handelsinstallationer f\u00f6r Pyramid.<\/p>\n<p>Vi levererar och installerar all utrustning som kr\u00e4vs f\u00f6r <a href=\"http:\/\/www.moradatorer.se\/it-tjanster\/\">drift<\/a> av ert aff\u00e4rssystem\/butikssystem. Ni f\u00e5r \u00e4ven fortsatt teknisk hj\u00e4lp samt utbildning vid behov.<\/p>\n<\/div>\n<\/div>\n\n\n\n<div class=\"section group\">\n<div class=\"col span_1_of_2\">\n<h3>Full kontroll i alla l\u00e4gen<\/h3>\n<p>Pyramid \u00e4r ett komplett aff\u00e4rssystem som inneh\u00e5ller allt fr\u00e5n redovisning och logistik till CRM och e-handel. Det \u00e4r utvecklat f\u00f6r att passa m\u00e5nga olika branschers behov och \u00f6nskem\u00e5l. Frist\u00e5ende moduler sammanfogas till ett system med h\u00f6g kompetens, f\u00f6r b\u00e5de mindre och medelstora f\u00f6retag.<\/p>\n<p>Med en v\u00e4lutvecklad funktionalitet och ett l\u00e4ttarbetat gr\u00e4nssnitt, m\u00f6ter aff\u00e4rssystemet Pyramid den nya tidens behov inom ekonomi, information och verksamhets- och beslutst\u00f6d.<\/p>\n<figure><img loading=\"lazy\" class=\"alignnone size-medium wp-image-804\" src=\"http:\/\/www.moradatorer.se\/wp-content\/uploads\/2021\/02\/Pyramidmoduler-300x53.png\" alt=\"\" width=\"300\" height=\"53\" srcset=\"https:\/\/www.moradatorer.se\/wp-content\/uploads\/2021\/02\/Pyramidmoduler-300x53.png 300w, https:\/\/www.moradatorer.se\/wp-content\/uploads\/2021\/02\/Pyramidmoduler.png 400w\" sizes=\"(max-width: 300px) 100vw, 300px\" \/><\/figure>\n<p>\u00a0<\/p>\n<h3>Pyramid anpassar sig efter dina<br \/>behov<\/h3>\n<p>Pyramid Business Studio \u00e4r l\u00e4tt att f\u00f6rst\u00e5 och enkelt att arbeta med. Dina medarbetare kan g\u00f6ra egna personliga inst\u00e4llningar efter behov och uppgift. Bra design \u00e4r funktionell, snygg och l\u00e4tt att f\u00f6rst\u00e5. Denna tanke genomsyrar allt v\u00e5rt utvecklingsarbete.<\/p>\n<\/div>\n<div class=\"col span_1_of_2\">\n<h3>Centraler och Infostudio, all<br \/>information direkt p\u00e5 bredden<br \/>och djupet<\/h3>\n<p>Pyramids Centraler ger dig genv\u00e4gar till de rutiner du beh\u00f6ver. L\u00e4ttanv\u00e4nt och enkelt!<\/p>\n<p>Via exempelvis Kundcentralen kan du snabbt \u00e4ndra kunduppgifter, ber\u00e4kna prisuppgifter eller budget, registrera order och utleverera, koppla till ink\u00f6p, se fakturor och mycket mera.<\/p>\n<p>Med v\u00e5ra smarta s\u00f6k- och informationsrutiner skapar du sj\u00e4lv egna vyer f\u00f6r de poster och den information du vill se. I Infostudion f\u00e5r du snygga sammanst\u00e4llningar och diagram. Du kan enkelt bearbeta informationen vidare p\u00e5 olika s\u00e4tt.<\/p>\n<h3>Pyramids moduler<\/h3>\n<p>M\u00e4ngden <a title=\"Industries Area\" href=\"http:\/\/www.unikum.se\/branscher\/\" target=\"_blank\" rel=\"noopener\" data-id=\"1165\">branscher<\/a> som st\u00f6ds g\u00f6r att ditt f\u00f6retag enkelt kan v\u00e4xa genom att k\u00f6pa till en ny <a title=\"Modules Area\" href=\"http:\/\/www.unikum.se\/pyramid-moduler\/\" data-id=\"1150\">modul<\/a> inom \u00f6nskat omr\u00e5de. Du k\u00f6per det du beh\u00f6ver, p\u00e5 de plattformar du beh\u00f6ver, till det antal anv\u00e4ndare som du beh\u00f6ver.<\/p>\n<p>I Pyramid finns hela fl\u00f6det till ditt f\u00f6retags verksamhet fr\u00e4mst inom branscherna:<\/p>\n<ul class=\"fw-list-unordered\">\n<li><a title=\"Handel\" href=\"http:\/\/www.unikum.se\/branscher\/handel\/\" target=\"_blank\" rel=\"noopener\" data-id=\"1184\">Handel<\/a><\/li>\n<li><a title=\"Butik &amp; Aff\u00e4rskedjor\" href=\"http:\/\/www.unikum.se\/branscher\/butik-affarskedjor\/\" target=\"_blank\" rel=\"noopener\" data-id=\"1182\">Butiks- och aff\u00e4rskedjor<\/a><\/li>\n<li><a title=\"Entreprenad\" href=\"http:\/\/www.unikum.se\/branscher\/entreprenad\/\" target=\"_blank\" rel=\"noopener\" data-id=\"1183\">Entreprenad<\/a><\/li>\n<li><a title=\"Tillverkning\" href=\"http:\/\/www.unikum.se\/branscher\/tillverkning\/\" target=\"_blank\" rel=\"noopener\" data-id=\"1185\">Tillverkning<\/a><\/li>\n<li><a title=\"Tj\u00e4nster\" href=\"http:\/\/www.unikum.se\/branscher\/tjanster\/\" target=\"_blank\" rel=\"noopener\" data-id=\"1186\">Tj\u00e4nster<\/a><\/li>\n<li><a title=\"Service\" href=\"http:\/\/www.unikum.se\/branscher\/service\/\" target=\"_blank\" rel=\"noopener\" data-id=\"1187\">Service<\/a><\/li>\n<\/ul>\n<p>Dessutom har m\u00e5nga av programmets <a title=\"Modules Area\" href=\"http:\/\/www.unikum.se\/pyramid-moduler\/\" target=\"_blank\" rel=\"noopener\" data-id=\"1150\">moduler<\/a> kopplingar till v\u00e4lk\u00e4nda externa program och st\u00f6d f\u00f6r appar. Hitta den mix av funktioner som passar ditt f\u00f6retag.<\/p>\n<\/div>\n<\/div>\n","protected":false},"excerpt":{"rendered":"<p>Pyramid \u00a0 Pyramid \u00e4r ett komplett aff\u00e4rssystem f\u00f6r sm\u00e5 och medelstora f\u00f6retag. Vi har levererat Pyramid sedan starten 1986 och har en gedigen kunskap om systemet. Mora Datorer \u00e4r \u00e5terf\u00f6rs\u00e4ljare och Auktoriserad Service Partner (ASP) av aff\u00e4rssystemet Pyramid. Vi har en gedigen kunskap om Pyramid och kan med detta tillgodose de allra flesta f\u00f6retag i [&hellip;]<\/p>\n","protected":false},"author":1,"featured_media":0,"parent":0,"menu_order":0,"comment_status":"closed","ping_status":"closed","template":"","meta":[],"yoast_head":"<!-- This site is optimized with the Yoast SEO plugin v15.7 - https:\/\/yoast.com\/wordpress\/plugins\/seo\/ -->\r\n<meta name=\"description\" content=\"Pyramid \u00e4r ett komplett aff\u00e4rssystem f\u00f6r sm\u00e5 och medelstora f\u00f6retag. Mora Datorer \u00e4r \u00e5terf\u00f6rs\u00e4ljare och har levererat Pyramid sedan starten 1986 .\" \/>\r\n<meta name=\"robots\" content=\"index, follow, max-snippet:-1, max-image-preview:large, max-video-preview:-1\" \/>\r\n<link rel=\"canonical\" href=\"https:\/\/www.moradatorer.se\/?page_id=45\" \/>\r\n<meta property=\"og:locale\" content=\"sv_SE\" \/>\r\n<meta property=\"og:type\" content=\"article\" \/>\r\n<meta property=\"og:title\" content=\"Aff\u00e4rssystem - Mora Datorer\" \/>\r\n<meta property=\"og:description\" content=\"Pyramid \u00e4r ett komplett aff\u00e4rssystem f\u00f6r sm\u00e5 och medelstora f\u00f6retag. Mora Datorer \u00e4r \u00e5terf\u00f6rs\u00e4ljare och har levererat Pyramid sedan starten 1986 .\" \/>\r\n<meta property=\"og:url\" content=\"https:\/\/www.moradatorer.se\/?page_id=45\" \/>\r\n<meta property=\"og:site_name\" content=\"Mora Datorer\" \/>\r\n<meta property=\"article:modified_time\" content=\"2021-02-15T14:33:49+00:00\" \/>\r\n<meta property=\"og:image\" content=\"http:\/\/www.moradatorer.se\/wp-content\/uploads\/2021\/02\/vinjett_pyramid-300x153.png\" \/>\r\n<meta name=\"twitter:card\" content=\"summary\" \/>\r\n<meta name=\"twitter:label1\" content=\"Ber\u00e4knad l\u00e4stid\">\n\t<meta name=\"twitter:data1\" content=\"3 minuter\">\r\n<script type=\"application\/ld+json\" class=\"yoast-schema-graph\">{\"@context\":\"https:\/\/schema.org\",\"@graph\":[{\"@type\":\"WebSite\",\"@id\":\"https:\/\/www.moradatorer.se\/#website\",\"url\":\"https:\/\/www.moradatorer.se\/\",\"name\":\"Mora Datorer\",\"description\":\"Aff\\u00e4rssystem och IT-l\\u00f6sningar\",\"potentialAction\":[{\"@type\":\"SearchAction\",\"target\":\"https:\/\/www.moradatorer.se\/?s={search_term_string}\",\"query-input\":\"required name=search_term_string\"}],\"inLanguage\":\"sv-SE\"},{\"@type\":\"ImageObject\",\"@id\":\"https:\/\/www.moradatorer.se\/?page_id=45#primaryimage\",\"inLanguage\":\"sv-SE\",\"url\":\"http:\/\/www.moradatorer.se\/wp-content\/uploads\/2021\/02\/vinjett_pyramid-300x153.png\"},{\"@type\":\"WebPage\",\"@id\":\"https:\/\/www.moradatorer.se\/?page_id=45#webpage\",\"url\":\"https:\/\/www.moradatorer.se\/?page_id=45\",\"name\":\"Aff\\u00e4rssystem - Mora Datorer\",\"isPartOf\":{\"@id\":\"https:\/\/www.moradatorer.se\/#website\"},\"primaryImageOfPage\":{\"@id\":\"https:\/\/www.moradatorer.se\/?page_id=45#primaryimage\"},\"datePublished\":\"2016-11-28T08:02:02+00:00\",\"dateModified\":\"2021-02-15T14:33:49+00:00\",\"description\":\"Pyramid \\u00e4r ett komplett aff\\u00e4rssystem f\\u00f6r sm\\u00e5 och medelstora f\\u00f6retag. Mora Datorer \\u00e4r \\u00e5terf\\u00f6rs\\u00e4ljare och har levererat Pyramid sedan starten 1986 .\",\"inLanguage\":\"sv-SE\",\"potentialAction\":[{\"@type\":\"ReadAction\",\"target\":[\"https:\/\/www.moradatorer.se\/?page_id=45\"]}]}]}<\/script>\r\n<!-- \/ Yoast SEO plugin. -->","_links":{"self":[{"href":"https:\/\/www.moradatorer.se\/index.php?rest_route=\/wp\/v2\/pages\/45"}],"collection":[{"href":"https:\/\/www.moradatorer.se\/index.php?rest_route=\/wp\/v2\/pages"}],"about":[{"href":"https:\/\/www.moradatorer.se\/index.php?rest_route=\/wp\/v2\/types\/page"}],"author":[{"embeddable":true,"href":"https:\/\/www.moradatorer.se\/index.php?rest_route=\/wp\/v2\/users\/1"}],"replies":[{"embeddable":true,"href":"https:\/\/www.moradatorer.se\/index.php?rest_route=%2Fwp%2Fv2%2Fcomments&post=45"}],"version-history":[{"count":6,"href":"https:\/\/www.moradatorer.se\/index.php?rest_route=\/wp\/v2\/pages\/45\/revisions"}],"predecessor-version":[{"id":842,"href":"https:\/\/www.moradatorer.se\/index.php?rest_route=\/wp\/v2\/pages\/45\/revisions\/842"}],"wp:attachment":[{"href":"https:\/\/www.moradatorer.se\/index.php?rest_route=%2Fwp%2Fv2%2Fmedia&parent=45"}],"curies":[{"name":"wp","href":"https:\/\/api.w.org\/{rel}","templated":true}]}}