{"id":40,"date":"2016-11-28T08:59:11","date_gmt":"2016-11-28T07:59:11","guid":{"rendered":"http:\/\/lab2.moradatorer.se\/?page_id=40"},"modified":"2021-02-15T15:00:00","modified_gmt":"2021-02-15T14:00:00","slug":"it-tjanster","status":"publish","type":"page","link":"https:\/\/www.moradatorer.se\/?page_id=40","title":{"rendered":"IT-tj\u00e4nster"},"content":{"rendered":"<h1>Vi har allt ni beh\u00f6ver f\u00f6r en effektiv IT-milj\u00f6<\/h1>\n<div class=\"section group\">\n<div class=\"col span_1_of_2\">\n<h5>Vi sk\u00f6ter alla IT-tj\u00e4nster. Allt fr\u00e5n installation, drift och support till molnl\u00f6sningar och s\u00e4kerhet. S\u00e5 att ditt f\u00f6retag kan fokusera p\u00e5 det ni \u00e4r bra p\u00e5!<\/h5>\n<p><img loading=\"lazy\" class=\"alignnone size-medium wp-image-725\" src=\"http:\/\/www.moradatorer.se\/wp-content\/uploads\/2021\/02\/full-header-300x141.jpg\" alt=\"\" width=\"300\" height=\"141\" srcset=\"https:\/\/www.moradatorer.se\/wp-content\/uploads\/2021\/02\/full-header-300x141.jpg 300w, https:\/\/www.moradatorer.se\/wp-content\/uploads\/2021\/02\/full-header-1024x482.jpg 1024w, https:\/\/www.moradatorer.se\/wp-content\/uploads\/2021\/02\/full-header-768x361.jpg 768w, https:\/\/www.moradatorer.se\/wp-content\/uploads\/2021\/02\/full-header.jpg 1080w\" sizes=\"(max-width: 300px) 100vw, 300px\" \/><br \/>\nVi \u00e4r ett konsultbolag som anpassar v\u00e5ra IT-tj\u00e4nster efter dina behov. Vi hj\u00e4lper dig med allt fr\u00e5n mindre support\u00e4renden till installation och drift av hela IT-milj\u00f6er och implementation av aff\u00e4rssystem.<\/p>\n<p>Vi \u00e4r ditt f\u00f6retags externa IT-avdelning.<\/p>\n<\/div>\n<div class=\"col span_1_of_2\">\n<h5>Detta kan vi hj\u00e4lpa till med<\/h5>\n<ul>\n<li>IT-support f\u00f6r era anv\u00e4ndare<\/li>\n<li>Server- och IT-drift<\/li>\n<li>Serverhosting<\/li>\n<li>Backup<\/li>\n<li>N\u00e4tverkstj\u00e4nster<\/li>\n<li>E-post<\/li>\n<li>Office 365<\/li>\n<li>IT-s\u00e4kerhet<\/li>\n<li>Webbsidor<\/li>\n<li>Molntj\u00e4nster<\/li>\n<li>Skrivare och scanners<\/li>\n<\/ul>\n<p>&#8230;och mycket, mycket mer.<\/p>\n<\/div>\n<\/div>\n","protected":false},"excerpt":{"rendered":"<p>Vi har allt ni beh\u00f6ver f\u00f6r en effektiv IT-milj\u00f6 Vi sk\u00f6ter alla IT-tj\u00e4nster. Allt fr\u00e5n installation, drift och support till molnl\u00f6sningar och s\u00e4kerhet. S\u00e5 att ditt f\u00f6retag kan fokusera p\u00e5 det ni \u00e4r bra p\u00e5! Vi \u00e4r ett konsultbolag som anpassar v\u00e5ra IT-tj\u00e4nster efter dina behov. Vi hj\u00e4lper dig med allt fr\u00e5n mindre support\u00e4renden till [&hellip;]<\/p>\n","protected":false},"author":1,"featured_media":0,"parent":0,"menu_order":0,"comment_status":"closed","ping_status":"closed","template":"","meta":[],"yoast_head":"<!-- This site is optimized with the Yoast SEO plugin v15.7 - https:\/\/yoast.com\/wordpress\/plugins\/seo\/ -->\r\n<meta name=\"description\" content=\"Vi har allt ni beh\u00f6ver f\u00f6r en effektiv IT-milj\u00f6. Vi sk\u00f6ter alla IT-tj\u00e4nster. Allt fr\u00e5n installation, drift och support till molnl\u00f6sningar och s\u00e4kerhet.\" \/>\r\n<meta name=\"robots\" content=\"index, follow, max-snippet:-1, max-image-preview:large, max-video-preview:-1\" \/>\r\n<link rel=\"canonical\" href=\"https:\/\/www.moradatorer.se\/?page_id=40\" \/>\r\n<meta property=\"og:locale\" content=\"sv_SE\" \/>\r\n<meta property=\"og:type\" content=\"article\" \/>\r\n<meta property=\"og:title\" content=\"IT-tj\u00e4nster - Mora Datorer\" \/>\r\n<meta property=\"og:description\" content=\"Vi har allt ni beh\u00f6ver f\u00f6r en effektiv IT-milj\u00f6. Vi sk\u00f6ter alla IT-tj\u00e4nster. Allt fr\u00e5n installation, drift och support till molnl\u00f6sningar och s\u00e4kerhet.\" \/>\r\n<meta property=\"og:url\" content=\"https:\/\/www.moradatorer.se\/?page_id=40\" \/>\r\n<meta property=\"og:site_name\" content=\"Mora Datorer\" \/>\r\n<meta property=\"article:modified_time\" content=\"2021-02-15T14:00:00+00:00\" \/>\r\n<meta property=\"og:image\" content=\"http:\/\/www.moradatorer.se\/wp-content\/uploads\/2021\/02\/full-header-300x141.jpg\" \/>\r\n<meta name=\"twitter:card\" content=\"summary\" \/>\r\n<meta name=\"twitter:label1\" content=\"Ber\u00e4knad l\u00e4stid\">\n\t<meta name=\"twitter:data1\" content=\"1 minut\">\r\n<script type=\"application\/ld+json\" class=\"yoast-schema-graph\">{\"@context\":\"https:\/\/schema.org\",\"@graph\":[{\"@type\":\"WebSite\",\"@id\":\"https:\/\/www.moradatorer.se\/#website\",\"url\":\"https:\/\/www.moradatorer.se\/\",\"name\":\"Mora Datorer\",\"description\":\"Aff\\u00e4rssystem och IT-l\\u00f6sningar\",\"potentialAction\":[{\"@type\":\"SearchAction\",\"target\":\"https:\/\/www.moradatorer.se\/?s={search_term_string}\",\"query-input\":\"required name=search_term_string\"}],\"inLanguage\":\"sv-SE\"},{\"@type\":\"ImageObject\",\"@id\":\"https:\/\/www.moradatorer.se\/?page_id=40#primaryimage\",\"inLanguage\":\"sv-SE\",\"url\":\"http:\/\/www.moradatorer.se\/wp-content\/uploads\/2021\/02\/full-header-300x141.jpg\"},{\"@type\":\"WebPage\",\"@id\":\"https:\/\/www.moradatorer.se\/?page_id=40#webpage\",\"url\":\"https:\/\/www.moradatorer.se\/?page_id=40\",\"name\":\"IT-tj\\u00e4nster - Mora Datorer\",\"isPartOf\":{\"@id\":\"https:\/\/www.moradatorer.se\/#website\"},\"primaryImageOfPage\":{\"@id\":\"https:\/\/www.moradatorer.se\/?page_id=40#primaryimage\"},\"datePublished\":\"2016-11-28T07:59:11+00:00\",\"dateModified\":\"2021-02-15T14:00:00+00:00\",\"description\":\"Vi har allt ni beh\\u00f6ver f\\u00f6r en effektiv IT-milj\\u00f6. Vi sk\\u00f6ter alla IT-tj\\u00e4nster. Allt fr\\u00e5n installation, drift och support till molnl\\u00f6sningar och s\\u00e4kerhet.\",\"inLanguage\":\"sv-SE\",\"potentialAction\":[{\"@type\":\"ReadAction\",\"target\":[\"https:\/\/www.moradatorer.se\/?page_id=40\"]}]}]}<\/script>\r\n<!-- \/ Yoast SEO plugin. -->","_links":{"self":[{"href":"https:\/\/www.moradatorer.se\/index.php?rest_route=\/wp\/v2\/pages\/40"}],"collection":[{"href":"https:\/\/www.moradatorer.se\/index.php?rest_route=\/wp\/v2\/pages"}],"about":[{"href":"https:\/\/www.moradatorer.se\/index.php?rest_route=\/wp\/v2\/types\/page"}],"author":[{"embeddable":true,"href":"https:\/\/www.moradatorer.se\/index.php?rest_route=\/wp\/v2\/users\/1"}],"replies":[{"embeddable":true,"href":"https:\/\/www.moradatorer.se\/index.php?rest_route=%2Fwp%2Fv2%2Fcomments&post=40"}],"version-history":[{"count":2,"href":"https:\/\/www.moradatorer.se\/index.php?rest_route=\/wp\/v2\/pages\/40\/revisions"}],"predecessor-version":[{"id":826,"href":"https:\/\/www.moradatorer.se\/index.php?rest_route=\/wp\/v2\/pages\/40\/revisions\/826"}],"wp:attachment":[{"href":"https:\/\/www.moradatorer.se\/index.php?rest_route=%2Fwp%2Fv2%2Fmedia&parent=40"}],"curies":[{"name":"wp","href":"https:\/\/api.w.org\/{rel}","templated":true}]}}